{"id":3925,"date":"2024-10-17T14:34:08","date_gmt":"2024-10-17T20:34:08","guid":{"rendered":"https:\/\/vyvarquitectura.com.mx\/?page_id=3925"},"modified":"2024-10-17T18:41:32","modified_gmt":"2024-10-18T00:41:32","slug":"buzon-de-denuncia","status":"publish","type":"page","link":"https:\/\/vyvarquitectura.com.mx\/index.php\/buzon-de-denuncia\/","title":{"rendered":"Buz\u00f3n de Denuncia"},"content":{"rendered":"[vc_row css=&#8221;.vc_custom_1729212088720{margin-right: 10px !important;margin-bottom: 50px !important;margin-left: 10px !important;padding-top: 5px !important;padding-right: 5px !important;padding-bottom: 5px !important;padding-left: 5px !important;background-color: #102a43 !important;}&#8221;][vc_column][vc_column_text]<span style=\"color: #ffffff;\">Nota: Este formulario es completamente an\u00f3nimo. La informaci\u00f3n proporcionada ser\u00e1 tratada con la mayor confidencialidad posible, tu identidad queda completamente protegida y solo ser\u00e1 utilizada para la investigaci\u00f3n del incidente.<\/span>[\/vc_column_text][vc_raw_html]JTA5JTNDZGl2JTNFJTBBJTA5JTA5JTNDZGl2JTIwY2xhc3MlM0QlMjJmb3JtLWNvbnRhY3QlMjIlM0UlMEElMDklMDklMDklNUJjb250YWN0LWZvcm0tNyUyMGlkJTNEJTIyMzkyOCUyMiUyMHRpdGxlJTNEJTIyRm9ybXVsYXJpbyUyMEJ1eiVDMyVCM24lMjBkZSUyMGRlbnVuY2lhJTIyJTVEJTBBJTA5JTA5JTNDJTJGZGl2JTNFJTBBJTA5JTBBJTA5JTNDJTJGZGl2JTNF[\/vc_raw_html][\/vc_column][\/vc_row]\n","protected":false},"excerpt":{"rendered":"<p>[vc_row css=&#8221;.vc_custom_1729212088720{margin-right: 10px !important;margin-bottom: 50px !important;margin-left: 10px !important;padding-top: 5px !important;padding-right: 5px !important;padding-bottom: 5px !important;padding-left:&#8230;<\/p>\n","protected":false},"author":2,"featured_media":146,"parent":0,"menu_order":0,"comment_status":"closed","ping_status":"closed","template":"","meta":{"footnotes":""},"class_list":["post-3925","page","type-page","status-publish","has-post-thumbnail","hentry"],"acf":[],"yoast_head":"<!-- This site is optimized with the Yoast SEO plugin v27.4 - https:\/\/yoast.com\/product\/yoast-seo-wordpress\/ -->\n<title>Buz\u00f3n de Denuncia - V&amp;V Arquitectura<\/title>\n<meta name=\"robots\" content=\"index, follow, max-snippet:-1, max-image-preview:large, max-video-preview:-1\" \/>\n<link rel=\"canonical\" href=\"https:\/\/vyvarquitectura.com.mx\/index.php\/buzon-de-denuncia\/\" \/>\n<meta property=\"og:locale\" content=\"es_MX\" \/>\n<meta property=\"og:type\" content=\"article\" \/>\n<meta property=\"og:title\" content=\"Buz\u00f3n de Denuncia - V&amp;V Arquitectura\" \/>\n<meta property=\"og:description\" content=\"[vc_row css=&#8221;.vc_custom_1729212088720{margin-right: 10px !important;margin-bottom: 50px !important;margin-left: 10px !important;padding-top: 5px !important;padding-right: 5px !important;padding-bottom: 5px !important;padding-left:...\" \/>\n<meta property=\"og:url\" content=\"https:\/\/vyvarquitectura.com.mx\/index.php\/buzon-de-denuncia\/\" \/>\n<meta property=\"og:site_name\" content=\"V&amp;V Arquitectura\" \/>\n<meta property=\"article:publisher\" content=\"https:\/\/www.facebook.com\/vyvarquitectura\" \/>\n<meta property=\"article:modified_time\" content=\"2024-10-18T00:41:32+00:00\" \/>\n<meta property=\"og:image\" content=\"https:\/\/vyvarquitectura.com.mx\/wp-content\/uploads\/2020\/06\/img_0783r-min.jpg\" \/>\n\t<meta property=\"og:image:width\" content=\"1920\" \/>\n\t<meta property=\"og:image:height\" content=\"1280\" \/>\n\t<meta property=\"og:image:type\" content=\"image\/jpeg\" \/>\n<meta name=\"twitter:card\" content=\"summary_large_image\" \/>\n<meta name=\"twitter:site\" content=\"@vyvarquitectura\" \/>\n<meta name=\"twitter:label1\" content=\"Tiempo de lectura\" \/>\n\t<meta name=\"twitter:data1\" content=\"1 minuto\" \/>\n<script type=\"application\/ld+json\" class=\"yoast-schema-graph\">{\"@context\":\"https:\\\/\\\/schema.org\",\"@graph\":[{\"@type\":\"WebPage\",\"@id\":\"https:\\\/\\\/vyvarquitectura.com.mx\\\/index.php\\\/buzon-de-denuncia\\\/\",\"url\":\"https:\\\/\\\/vyvarquitectura.com.mx\\\/index.php\\\/buzon-de-denuncia\\\/\",\"name\":\"Buz\u00f3n de Denuncia - V&amp;V Arquitectura\",\"isPartOf\":{\"@id\":\"https:\\\/\\\/vyvarquitectura.com.mx\\\/#website\"},\"primaryImageOfPage\":{\"@id\":\"https:\\\/\\\/vyvarquitectura.com.mx\\\/index.php\\\/buzon-de-denuncia\\\/#primaryimage\"},\"image\":{\"@id\":\"https:\\\/\\\/vyvarquitectura.com.mx\\\/index.php\\\/buzon-de-denuncia\\\/#primaryimage\"},\"thumbnailUrl\":\"https:\\\/\\\/vyvarquitectura.com.mx\\\/wp-content\\\/uploads\\\/2020\\\/06\\\/img_0783r-min.jpg\",\"datePublished\":\"2024-10-17T20:34:08+00:00\",\"dateModified\":\"2024-10-18T00:41:32+00:00\",\"breadcrumb\":{\"@id\":\"https:\\\/\\\/vyvarquitectura.com.mx\\\/index.php\\\/buzon-de-denuncia\\\/#breadcrumb\"},\"inLanguage\":\"es\",\"potentialAction\":[{\"@type\":\"ReadAction\",\"target\":[\"https:\\\/\\\/vyvarquitectura.com.mx\\\/index.php\\\/buzon-de-denuncia\\\/\"]}]},{\"@type\":\"ImageObject\",\"inLanguage\":\"es\",\"@id\":\"https:\\\/\\\/vyvarquitectura.com.mx\\\/index.php\\\/buzon-de-denuncia\\\/#primaryimage\",\"url\":\"https:\\\/\\\/vyvarquitectura.com.mx\\\/wp-content\\\/uploads\\\/2020\\\/06\\\/img_0783r-min.jpg\",\"contentUrl\":\"https:\\\/\\\/vyvarquitectura.com.mx\\\/wp-content\\\/uploads\\\/2020\\\/06\\\/img_0783r-min.jpg\",\"width\":1920,\"height\":1280},{\"@type\":\"BreadcrumbList\",\"@id\":\"https:\\\/\\\/vyvarquitectura.com.mx\\\/index.php\\\/buzon-de-denuncia\\\/#breadcrumb\",\"itemListElement\":[{\"@type\":\"ListItem\",\"position\":1,\"name\":\"Inicio\",\"item\":\"https:\\\/\\\/vyvarquitectura.com.mx\\\/\"},{\"@type\":\"ListItem\",\"position\":2,\"name\":\"Buz\u00f3n de Denuncia\"}]},{\"@type\":\"WebSite\",\"@id\":\"https:\\\/\\\/vyvarquitectura.com.mx\\\/#website\",\"url\":\"https:\\\/\\\/vyvarquitectura.com.mx\\\/\",\"name\":\"V&V Arquitectura\",\"description\":\"Despacho de arquitectura\",\"publisher\":{\"@id\":\"https:\\\/\\\/vyvarquitectura.com.mx\\\/#organization\"},\"potentialAction\":[{\"@type\":\"SearchAction\",\"target\":{\"@type\":\"EntryPoint\",\"urlTemplate\":\"https:\\\/\\\/vyvarquitectura.com.mx\\\/?s={search_term_string}\"},\"query-input\":{\"@type\":\"PropertyValueSpecification\",\"valueRequired\":true,\"valueName\":\"search_term_string\"}}],\"inLanguage\":\"es\"},{\"@type\":\"Organization\",\"@id\":\"https:\\\/\\\/vyvarquitectura.com.mx\\\/#organization\",\"name\":\"V&V Arquitectura\",\"url\":\"https:\\\/\\\/vyvarquitectura.com.mx\\\/\",\"logo\":{\"@type\":\"ImageObject\",\"inLanguage\":\"es\",\"@id\":\"https:\\\/\\\/vyvarquitectura.com.mx\\\/#\\\/schema\\\/logo\\\/image\\\/\",\"url\":\"https:\\\/\\\/vyvarquitectura.com.mx\\\/wp-content\\\/uploads\\\/2020\\\/10\\\/VV-LOGO_.jpg\",\"contentUrl\":\"https:\\\/\\\/vyvarquitectura.com.mx\\\/wp-content\\\/uploads\\\/2020\\\/10\\\/VV-LOGO_.jpg\",\"width\":1830,\"height\":767,\"caption\":\"V&V Arquitectura\"},\"image\":{\"@id\":\"https:\\\/\\\/vyvarquitectura.com.mx\\\/#\\\/schema\\\/logo\\\/image\\\/\"},\"sameAs\":[\"https:\\\/\\\/www.facebook.com\\\/vyvarquitectura\",\"https:\\\/\\\/x.com\\\/vyvarquitectura\",\"https:\\\/\\\/www.instagram.com\",\"https:\\\/\\\/www.linkedin.com\\\/company\\\/vyvarquitectura\\\/\"]}]}<\/script>\n<!-- \/ Yoast SEO plugin. -->","yoast_head_json":{"title":"Buz\u00f3n de Denuncia - V&amp;V Arquitectura","robots":{"index":"index","follow":"follow","max-snippet":"max-snippet:-1","max-image-preview":"max-image-preview:large","max-video-preview":"max-video-preview:-1"},"canonical":"https:\/\/vyvarquitectura.com.mx\/index.php\/buzon-de-denuncia\/","og_locale":"es_MX","og_type":"article","og_title":"Buz\u00f3n de Denuncia - V&amp;V Arquitectura","og_description":"[vc_row css=&#8221;.vc_custom_1729212088720{margin-right: 10px !important;margin-bottom: 50px !important;margin-left: 10px !important;padding-top: 5px !important;padding-right: 5px !important;padding-bottom: 5px !important;padding-left:...","og_url":"https:\/\/vyvarquitectura.com.mx\/index.php\/buzon-de-denuncia\/","og_site_name":"V&amp;V Arquitectura","article_publisher":"https:\/\/www.facebook.com\/vyvarquitectura","article_modified_time":"2024-10-18T00:41:32+00:00","og_image":[{"width":1920,"height":1280,"url":"https:\/\/vyvarquitectura.com.mx\/wp-content\/uploads\/2020\/06\/img_0783r-min.jpg","type":"image\/jpeg"}],"twitter_card":"summary_large_image","twitter_site":"@vyvarquitectura","twitter_misc":{"Tiempo de lectura":"1 minuto"},"schema":{"@context":"https:\/\/schema.org","@graph":[{"@type":"WebPage","@id":"https:\/\/vyvarquitectura.com.mx\/index.php\/buzon-de-denuncia\/","url":"https:\/\/vyvarquitectura.com.mx\/index.php\/buzon-de-denuncia\/","name":"Buz\u00f3n de Denuncia - V&amp;V Arquitectura","isPartOf":{"@id":"https:\/\/vyvarquitectura.com.mx\/#website"},"primaryImageOfPage":{"@id":"https:\/\/vyvarquitectura.com.mx\/index.php\/buzon-de-denuncia\/#primaryimage"},"image":{"@id":"https:\/\/vyvarquitectura.com.mx\/index.php\/buzon-de-denuncia\/#primaryimage"},"thumbnailUrl":"https:\/\/vyvarquitectura.com.mx\/wp-content\/uploads\/2020\/06\/img_0783r-min.jpg","datePublished":"2024-10-17T20:34:08+00:00","dateModified":"2024-10-18T00:41:32+00:00","breadcrumb":{"@id":"https:\/\/vyvarquitectura.com.mx\/index.php\/buzon-de-denuncia\/#breadcrumb"},"inLanguage":"es","potentialAction":[{"@type":"ReadAction","target":["https:\/\/vyvarquitectura.com.mx\/index.php\/buzon-de-denuncia\/"]}]},{"@type":"ImageObject","inLanguage":"es","@id":"https:\/\/vyvarquitectura.com.mx\/index.php\/buzon-de-denuncia\/#primaryimage","url":"https:\/\/vyvarquitectura.com.mx\/wp-content\/uploads\/2020\/06\/img_0783r-min.jpg","contentUrl":"https:\/\/vyvarquitectura.com.mx\/wp-content\/uploads\/2020\/06\/img_0783r-min.jpg","width":1920,"height":1280},{"@type":"BreadcrumbList","@id":"https:\/\/vyvarquitectura.com.mx\/index.php\/buzon-de-denuncia\/#breadcrumb","itemListElement":[{"@type":"ListItem","position":1,"name":"Inicio","item":"https:\/\/vyvarquitectura.com.mx\/"},{"@type":"ListItem","position":2,"name":"Buz\u00f3n de Denuncia"}]},{"@type":"WebSite","@id":"https:\/\/vyvarquitectura.com.mx\/#website","url":"https:\/\/vyvarquitectura.com.mx\/","name":"V&V Arquitectura","description":"Despacho de arquitectura","publisher":{"@id":"https:\/\/vyvarquitectura.com.mx\/#organization"},"potentialAction":[{"@type":"SearchAction","target":{"@type":"EntryPoint","urlTemplate":"https:\/\/vyvarquitectura.com.mx\/?s={search_term_string}"},"query-input":{"@type":"PropertyValueSpecification","valueRequired":true,"valueName":"search_term_string"}}],"inLanguage":"es"},{"@type":"Organization","@id":"https:\/\/vyvarquitectura.com.mx\/#organization","name":"V&V Arquitectura","url":"https:\/\/vyvarquitectura.com.mx\/","logo":{"@type":"ImageObject","inLanguage":"es","@id":"https:\/\/vyvarquitectura.com.mx\/#\/schema\/logo\/image\/","url":"https:\/\/vyvarquitectura.com.mx\/wp-content\/uploads\/2020\/10\/VV-LOGO_.jpg","contentUrl":"https:\/\/vyvarquitectura.com.mx\/wp-content\/uploads\/2020\/10\/VV-LOGO_.jpg","width":1830,"height":767,"caption":"V&V Arquitectura"},"image":{"@id":"https:\/\/vyvarquitectura.com.mx\/#\/schema\/logo\/image\/"},"sameAs":["https:\/\/www.facebook.com\/vyvarquitectura","https:\/\/x.com\/vyvarquitectura","https:\/\/www.instagram.com","https:\/\/www.linkedin.com\/company\/vyvarquitectura\/"]}]}},"_links":{"self":[{"href":"https:\/\/vyvarquitectura.com.mx\/index.php\/wp-json\/wp\/v2\/pages\/3925","targetHints":{"allow":["GET"]}}],"collection":[{"href":"https:\/\/vyvarquitectura.com.mx\/index.php\/wp-json\/wp\/v2\/pages"}],"about":[{"href":"https:\/\/vyvarquitectura.com.mx\/index.php\/wp-json\/wp\/v2\/types\/page"}],"author":[{"embeddable":true,"href":"https:\/\/vyvarquitectura.com.mx\/index.php\/wp-json\/wp\/v2\/users\/2"}],"replies":[{"embeddable":true,"href":"https:\/\/vyvarquitectura.com.mx\/index.php\/wp-json\/wp\/v2\/comments?post=3925"}],"version-history":[{"count":13,"href":"https:\/\/vyvarquitectura.com.mx\/index.php\/wp-json\/wp\/v2\/pages\/3925\/revisions"}],"predecessor-version":[{"id":3940,"href":"https:\/\/vyvarquitectura.com.mx\/index.php\/wp-json\/wp\/v2\/pages\/3925\/revisions\/3940"}],"wp:featuredmedia":[{"embeddable":true,"href":"https:\/\/vyvarquitectura.com.mx\/index.php\/wp-json\/wp\/v2\/media\/146"}],"wp:attachment":[{"href":"https:\/\/vyvarquitectura.com.mx\/index.php\/wp-json\/wp\/v2\/media?parent=3925"}],"curies":[{"name":"wp","href":"https:\/\/api.w.org\/{rel}","templated":true}]}}